{"id":10,"date":"2014-11-19T13:30:26","date_gmt":"2014-11-19T11:30:26","guid":{"rendered":"http:\/\/lammutus.ee\/?page_id=10"},"modified":"2022-11-29T11:06:09","modified_gmt":"2022-11-29T09:06:09","slug":"varuosad","status":"publish","type":"page","link":"https:\/\/lammutus.ee\/?page_id=10","title":{"rendered":"Osta\/Garantii"},"content":{"rendered":"<p>K\u00f5ikidele meie poolt m\u00fc\u00fcdud varuosadele kehtib garantii. V\u00e4lja arvatud Diiselmootori turbod, pihustid Ja k\u00f5rgsurve pumbad. Mille ostu puhul raha ei tagastata.<\/p>\n<ul>\n<li>Varuosadele kehtib paigaldusgarantii 14 p\u00e4eva, tingimusel et varuosa tagastatakse samas komplektsuses ja see ei ole olnud \/ei ole demonteeritud (&#8220;lahti v\u00f5etud&#8221;).<\/li>\n<li>Kulusid, mis h\u00f5lmavad transporti, varuosa monteerimist ja demonteerimist, garantii ei kata.<\/li>\n<li>Defektse varuosa puhul\u00a0vahetab Lammutus O\u00dc\u00a0selle v\u00e4lja, vahetusdetaili puudumisel tagastatakse ostusumma.<\/li>\n<li>K\u00f5ik osad kannavad meiepoolset\u00a0turvam\u00e4rgistust.\u00a0Rikutud m\u00e4rgistusega tagastatud\u00a0osadele garantii ei kehti.<\/li>\n<\/ul>\n<p><strong>Hetkel saate koostada varuosap\u00e4ringu meie koost\u00f6\u00f6partnerite kaudu:<\/strong><\/p>\n<p><a href=\"http:\/\/www.elv.ee\"><img decoding=\"async\" class=\"alignnone wp-image-348 size-full\" src=\"http:\/\/lammutus.ee\/wp-content\/uploads\/2015\/02\/elv_banner1.jpg\" alt=\"elv_banner1\" width=\"240\" height=\"80\" srcset=\"https:\/\/lammutus.ee\/wp-content\/uploads\/2015\/02\/elv_banner1-120x40.jpg 120w, https:\/\/lammutus.ee\/wp-content\/uploads\/2015\/02\/elv_banner1.jpg 240w\" sizes=\"(max-width: 240px) 100vw, 240px\" \/><\/a><a href=\"http:\/\/www.vok.ee\"><img decoding=\"async\" class=\"alignnone wp-image-350\" src=\"http:\/\/lammutus.ee\/wp-content\/uploads\/2015\/02\/vok-logo.jpg\" alt=\"vok-logo\" width=\"236\" height=\"123\" srcset=\"https:\/\/lammutus.ee\/wp-content\/uploads\/2015\/02\/vok-logo-300x156.jpg 300w, https:\/\/lammutus.ee\/wp-content\/uploads\/2015\/02\/vok-logo.jpg 348w\" sizes=\"(max-width: 236px) 100vw, 236px\" \/><\/a><\/p>\n","protected":false},"excerpt":{"rendered":"<p>K\u00f5ikidele meie poolt m\u00fc\u00fcdud varuosadele kehtib garantii. V\u00e4lja arvatud Diiselmootori turbod, pihustid Ja k\u00f5rgsurve pumbad. Mille ostu puhul raha ei tagastata. Varuosadele kehtib paigaldusgarantii 14 p\u00e4eva, tingimusel et varuosa tagastatakse samas komplektsuses ja see ei ole olnud \/ei ole demonteeritud (&#8220;lahti v\u00f5etud&#8221;). Kulusid, mis h\u00f5lmavad transporti, varuosa monteerimist ja demonteerimist, garantii ei kata. Defektse varuosa  [&#8230;]<\/p>\n","protected":false},"author":4,"featured_media":0,"parent":0,"menu_order":0,"comment_status":"open","ping_status":"open","template":"","meta":{"footnotes":""},"class_list":["post-10","page","type-page","status-publish","hentry"],"_links":{"self":[{"href":"https:\/\/lammutus.ee\/index.php?rest_route=\/wp\/v2\/pages\/10","targetHints":{"allow":["GET"]}}],"collection":[{"href":"https:\/\/lammutus.ee\/index.php?rest_route=\/wp\/v2\/pages"}],"about":[{"href":"https:\/\/lammutus.ee\/index.php?rest_route=\/wp\/v2\/types\/page"}],"author":[{"embeddable":true,"href":"https:\/\/lammutus.ee\/index.php?rest_route=\/wp\/v2\/users\/4"}],"replies":[{"embeddable":true,"href":"https:\/\/lammutus.ee\/index.php?rest_route=%2Fwp%2Fv2%2Fcomments&post=10"}],"version-history":[{"count":13,"href":"https:\/\/lammutus.ee\/index.php?rest_route=\/wp\/v2\/pages\/10\/revisions"}],"predecessor-version":[{"id":573,"href":"https:\/\/lammutus.ee\/index.php?rest_route=\/wp\/v2\/pages\/10\/revisions\/573"}],"wp:attachment":[{"href":"https:\/\/lammutus.ee\/index.php?rest_route=%2Fwp%2Fv2%2Fmedia&parent=10"}],"curies":[{"name":"wp","href":"https:\/\/api.w.org\/{rel}","templated":true}]}}