{"id":251,"date":"2014-12-09T13:22:44","date_gmt":"2014-12-09T11:22:44","guid":{"rendered":"http:\/\/lammutus.ee\/?post_type=product&#038;p=251"},"modified":"2014-12-09T13:22:44","modified_gmt":"2014-12-09T11:22:44","slug":"ford-focus-2005a-1-6tdci-80kw","status":"publish","type":"product","link":"https:\/\/lammutus.ee\/?product=ford-focus-2005a-1-6tdci-80kw","title":{"rendered":"Ford Focus 2005a 1.6TDCi 80kw"},"content":{"rendered":"","protected":false},"excerpt":{"rendered":"<p>Ford Focus 2005a universaal<br \/>\n1560 cm3, 80 kw<\/p>\n<p>Mootor:testitud<br \/>\nK\u00fctuset\u00fc\u00fcp: Diisel<br \/>\nK\u00e4igukast: Manuaal<br \/>\nK\u00e4igukast: testitud<br \/>\nElektriaknad: 2x<br \/>\nVeljed: 16&#8243; plekkveljed<\/p>\n","protected":false},"featured_media":252,"comment_status":"closed","ping_status":"closed","template":"","meta":[],"product_brand":[],"product_cat":[42],"product_tag":[],"class_list":{"0":"post-251","1":"product","2":"type-product","3":"status-publish","4":"has-post-thumbnail","6":"product_cat-ford","8":"first","9":"instock","10":"shipping-taxable","11":"product-type-simple"},"_links":{"self":[{"href":"https:\/\/lammutus.ee\/index.php?rest_route=\/wp\/v2\/product\/251","targetHints":{"allow":["GET"]}}],"collection":[{"href":"https:\/\/lammutus.ee\/index.php?rest_route=\/wp\/v2\/product"}],"about":[{"href":"https:\/\/lammutus.ee\/index.php?rest_route=\/wp\/v2\/types\/product"}],"replies":[{"embeddable":true,"href":"https:\/\/lammutus.ee\/index.php?rest_route=%2Fwp%2Fv2%2Fcomments&post=251"}],"wp:featuredmedia":[{"embeddable":true,"href":"https:\/\/lammutus.ee\/index.php?rest_route=\/wp\/v2\/media\/252"}],"wp:attachment":[{"href":"https:\/\/lammutus.ee\/index.php?rest_route=%2Fwp%2Fv2%2Fmedia&parent=251"}],"wp:term":[{"taxonomy":"product_brand","embeddable":true,"href":"https:\/\/lammutus.ee\/index.php?rest_route=%2Fwp%2Fv2%2Fproduct_brand&post=251"},{"taxonomy":"product_cat","embeddable":true,"href":"https:\/\/lammutus.ee\/index.php?rest_route=%2Fwp%2Fv2%2Fproduct_cat&post=251"},{"taxonomy":"product_tag","embeddable":true,"href":"https:\/\/lammutus.ee\/index.php?rest_route=%2Fwp%2Fv2%2Fproduct_tag&post=251"}],"curies":[{"name":"wp","href":"https:\/\/api.w.org\/{rel}","templated":true}]}}