{"id":255,"date":"2014-12-09T13:57:24","date_gmt":"2014-12-09T11:57:24","guid":{"rendered":"http:\/\/lammutus.ee\/?post_type=product&#038;p=255"},"modified":"2014-12-09T13:57:24","modified_gmt":"2014-12-09T11:57:24","slug":"renault-grand-scenic-2009a-1-9dci-96kw","status":"publish","type":"product","link":"https:\/\/lammutus.ee\/?product=renault-grand-scenic-2009a-1-9dci-96kw","title":{"rendered":"Renault Grand Scenic 2009a 1.9DCi 96kw"},"content":{"rendered":"","protected":false},"excerpt":{"rendered":"<p>Renault Grand Scenic 2009a<br \/>\n1870 cm3, 96 kw<\/p>\n<p>Mootor: Testitud<br \/>\nK\u00fctuset\u00fc\u00fcp: Diisel<br \/>\nK\u00e4igukast: Manuaal, 6k\u00e4iku<br \/>\nK\u00e4igukast on testitud<br \/>\nElektriaknad: 4x<br \/>\nVeljed: 16&#8243; valuvelg<\/p>\n","protected":false},"featured_media":256,"comment_status":"closed","ping_status":"closed","template":"","meta":[],"product_brand":[],"product_cat":[27],"product_tag":[],"class_list":{"0":"post-255","1":"product","2":"type-product","3":"status-publish","4":"has-post-thumbnail","6":"product_cat-renault","8":"first","9":"instock","10":"shipping-taxable","11":"product-type-simple"},"_links":{"self":[{"href":"https:\/\/lammutus.ee\/index.php?rest_route=\/wp\/v2\/product\/255","targetHints":{"allow":["GET"]}}],"collection":[{"href":"https:\/\/lammutus.ee\/index.php?rest_route=\/wp\/v2\/product"}],"about":[{"href":"https:\/\/lammutus.ee\/index.php?rest_route=\/wp\/v2\/types\/product"}],"replies":[{"embeddable":true,"href":"https:\/\/lammutus.ee\/index.php?rest_route=%2Fwp%2Fv2%2Fcomments&post=255"}],"wp:featuredmedia":[{"embeddable":true,"href":"https:\/\/lammutus.ee\/index.php?rest_route=\/wp\/v2\/media\/256"}],"wp:attachment":[{"href":"https:\/\/lammutus.ee\/index.php?rest_route=%2Fwp%2Fv2%2Fmedia&parent=255"}],"wp:term":[{"taxonomy":"product_brand","embeddable":true,"href":"https:\/\/lammutus.ee\/index.php?rest_route=%2Fwp%2Fv2%2Fproduct_brand&post=255"},{"taxonomy":"product_cat","embeddable":true,"href":"https:\/\/lammutus.ee\/index.php?rest_route=%2Fwp%2Fv2%2Fproduct_cat&post=255"},{"taxonomy":"product_tag","embeddable":true,"href":"https:\/\/lammutus.ee\/index.php?rest_route=%2Fwp%2Fv2%2Fproduct_tag&post=255"}],"curies":[{"name":"wp","href":"https:\/\/api.w.org\/{rel}","templated":true}]}}