{"id":257,"date":"2014-12-09T14:05:05","date_gmt":"2014-12-09T12:05:05","guid":{"rendered":"http:\/\/lammutus.ee\/?post_type=product&#038;p=257"},"modified":"2014-12-09T14:05:05","modified_gmt":"2014-12-09T12:05:05","slug":"peugeot-boxer-2007a-2-2hdi-88kw","status":"publish","type":"product","link":"https:\/\/lammutus.ee\/?product=peugeot-boxer-2007a-2-2hdi-88kw","title":{"rendered":"Peugeot Boxer 2007a 2.2HDi 88kw"},"content":{"rendered":"","protected":false},"excerpt":{"rendered":"<p>Peugeot Boxer 2007a<br \/>\n2198 cm3, 88 kw<\/p>\n<p>Mootor: Testitud<br \/>\nK\u00fctuset\u00fc\u00fcp: Diisel<br \/>\nK\u00e4igukast: Manuaal, 6k\u00e4iku<br \/>\nK\u00e4igukast on testitud<br \/>\nElektriaknad: 2x<br \/>\nVeljed: 15&#8243; plekkveljed<br \/>\nKommentaar: Vasaku nurga avariiga.<\/p>\n","protected":false},"featured_media":258,"comment_status":"closed","ping_status":"closed","template":"","meta":[],"product_brand":[],"product_cat":[26],"product_tag":[],"class_list":{"0":"post-257","1":"product","2":"type-product","3":"status-publish","4":"has-post-thumbnail","6":"product_cat-peugeot","8":"first","9":"instock","10":"shipping-taxable","11":"product-type-simple"},"_links":{"self":[{"href":"https:\/\/lammutus.ee\/index.php?rest_route=\/wp\/v2\/product\/257","targetHints":{"allow":["GET"]}}],"collection":[{"href":"https:\/\/lammutus.ee\/index.php?rest_route=\/wp\/v2\/product"}],"about":[{"href":"https:\/\/lammutus.ee\/index.php?rest_route=\/wp\/v2\/types\/product"}],"replies":[{"embeddable":true,"href":"https:\/\/lammutus.ee\/index.php?rest_route=%2Fwp%2Fv2%2Fcomments&post=257"}],"wp:featuredmedia":[{"embeddable":true,"href":"https:\/\/lammutus.ee\/index.php?rest_route=\/wp\/v2\/media\/258"}],"wp:attachment":[{"href":"https:\/\/lammutus.ee\/index.php?rest_route=%2Fwp%2Fv2%2Fmedia&parent=257"}],"wp:term":[{"taxonomy":"product_brand","embeddable":true,"href":"https:\/\/lammutus.ee\/index.php?rest_route=%2Fwp%2Fv2%2Fproduct_brand&post=257"},{"taxonomy":"product_cat","embeddable":true,"href":"https:\/\/lammutus.ee\/index.php?rest_route=%2Fwp%2Fv2%2Fproduct_cat&post=257"},{"taxonomy":"product_tag","embeddable":true,"href":"https:\/\/lammutus.ee\/index.php?rest_route=%2Fwp%2Fv2%2Fproduct_tag&post=257"}],"curies":[{"name":"wp","href":"https:\/\/api.w.org\/{rel}","templated":true}]}}