{"id":267,"date":"2014-12-12T12:11:37","date_gmt":"2014-12-12T10:11:37","guid":{"rendered":"http:\/\/lammutus.ee\/?post_type=product&#038;p=267"},"modified":"2014-12-12T12:11:37","modified_gmt":"2014-12-12T10:11:37","slug":"peugeot-607-2007a-2-7hdi-150kw","status":"publish","type":"product","link":"https:\/\/lammutus.ee\/?product=peugeot-607-2007a-2-7hdi-150kw","title":{"rendered":"Peugeot 607 2007a 2.7HDI 150kw"},"content":{"rendered":"","protected":false},"excerpt":{"rendered":"<p>Peugeot 607 2007a<br \/>\n2720 cm3, 150 kw<\/p>\n<p>K\u00fctuset\u00fc\u00fcp: Diisel<br \/>\nK\u00e4igukast:Manuaal<br \/>\nElektriaknad: 4x<br \/>\nVeljed: 17&#8243; valuveljed<br \/>\nKommentaar: Avariiline<\/p>\n","protected":false},"featured_media":268,"comment_status":"closed","ping_status":"closed","template":"","meta":[],"product_brand":[],"product_cat":[26],"product_tag":[],"class_list":{"0":"post-267","1":"product","2":"type-product","3":"status-publish","4":"has-post-thumbnail","6":"product_cat-peugeot","8":"first","9":"instock","10":"shipping-taxable","11":"product-type-simple"},"_links":{"self":[{"href":"https:\/\/lammutus.ee\/index.php?rest_route=\/wp\/v2\/product\/267","targetHints":{"allow":["GET"]}}],"collection":[{"href":"https:\/\/lammutus.ee\/index.php?rest_route=\/wp\/v2\/product"}],"about":[{"href":"https:\/\/lammutus.ee\/index.php?rest_route=\/wp\/v2\/types\/product"}],"replies":[{"embeddable":true,"href":"https:\/\/lammutus.ee\/index.php?rest_route=%2Fwp%2Fv2%2Fcomments&post=267"}],"wp:featuredmedia":[{"embeddable":true,"href":"https:\/\/lammutus.ee\/index.php?rest_route=\/wp\/v2\/media\/268"}],"wp:attachment":[{"href":"https:\/\/lammutus.ee\/index.php?rest_route=%2Fwp%2Fv2%2Fmedia&parent=267"}],"wp:term":[{"taxonomy":"product_brand","embeddable":true,"href":"https:\/\/lammutus.ee\/index.php?rest_route=%2Fwp%2Fv2%2Fproduct_brand&post=267"},{"taxonomy":"product_cat","embeddable":true,"href":"https:\/\/lammutus.ee\/index.php?rest_route=%2Fwp%2Fv2%2Fproduct_cat&post=267"},{"taxonomy":"product_tag","embeddable":true,"href":"https:\/\/lammutus.ee\/index.php?rest_route=%2Fwp%2Fv2%2Fproduct_tag&post=267"}],"curies":[{"name":"wp","href":"https:\/\/api.w.org\/{rel}","templated":true}]}}