{"id":272,"date":"2014-12-16T10:07:25","date_gmt":"2014-12-16T08:07:25","guid":{"rendered":"http:\/\/lammutus.ee\/?post_type=product&#038;p=272"},"modified":"2014-12-16T10:07:25","modified_gmt":"2014-12-16T08:07:25","slug":"renault-megane-scenic-2009a-1-6b-81kw","status":"publish","type":"product","link":"https:\/\/lammutus.ee\/?product=renault-megane-scenic-2009a-1-6b-81kw","title":{"rendered":"Renault Megane Scenic 2009a 1.6B 81kw"},"content":{"rendered":"","protected":false},"excerpt":{"rendered":"<p>Renault Megane Scenic 2009a<br \/>\n1598 cm3, 81 kw<\/p>\n<p>Mootor:Puudub<br \/>\nK\u00fctuset\u00fc\u00fcp:Bensiin<br \/>\nK\u00e4igukast:Puudub<br \/>\nElektriaknad:4x<br \/>\nVeljed:16&#8243; plekkvelg<\/p>\n","protected":false},"featured_media":273,"comment_status":"closed","ping_status":"closed","template":"","meta":[],"product_brand":[],"product_cat":[27],"product_tag":[],"class_list":{"0":"post-272","1":"product","2":"type-product","3":"status-publish","4":"has-post-thumbnail","6":"product_cat-renault","8":"first","9":"instock","10":"shipping-taxable","11":"product-type-simple"},"_links":{"self":[{"href":"https:\/\/lammutus.ee\/index.php?rest_route=\/wp\/v2\/product\/272","targetHints":{"allow":["GET"]}}],"collection":[{"href":"https:\/\/lammutus.ee\/index.php?rest_route=\/wp\/v2\/product"}],"about":[{"href":"https:\/\/lammutus.ee\/index.php?rest_route=\/wp\/v2\/types\/product"}],"replies":[{"embeddable":true,"href":"https:\/\/lammutus.ee\/index.php?rest_route=%2Fwp%2Fv2%2Fcomments&post=272"}],"wp:featuredmedia":[{"embeddable":true,"href":"https:\/\/lammutus.ee\/index.php?rest_route=\/wp\/v2\/media\/273"}],"wp:attachment":[{"href":"https:\/\/lammutus.ee\/index.php?rest_route=%2Fwp%2Fv2%2Fmedia&parent=272"}],"wp:term":[{"taxonomy":"product_brand","embeddable":true,"href":"https:\/\/lammutus.ee\/index.php?rest_route=%2Fwp%2Fv2%2Fproduct_brand&post=272"},{"taxonomy":"product_cat","embeddable":true,"href":"https:\/\/lammutus.ee\/index.php?rest_route=%2Fwp%2Fv2%2Fproduct_cat&post=272"},{"taxonomy":"product_tag","embeddable":true,"href":"https:\/\/lammutus.ee\/index.php?rest_route=%2Fwp%2Fv2%2Fproduct_tag&post=272"}],"curies":[{"name":"wp","href":"https:\/\/api.w.org\/{rel}","templated":true}]}}