{"id":274,"date":"2014-12-16T11:02:00","date_gmt":"2014-12-16T09:02:00","guid":{"rendered":"http:\/\/lammutus.ee\/?post_type=product&#038;p=274"},"modified":"2015-03-12T10:36:40","modified_gmt":"2015-03-12T08:36:40","slug":"mercedes-benz-b-klass-2010a","status":"publish","type":"product","link":"https:\/\/lammutus.ee\/?product=mercedes-benz-b-klass-2010a","title":{"rendered":"Mercedes Benz B-klass 2010a  2.0TD 80kw"},"content":{"rendered":"","protected":false},"excerpt":{"rendered":"<p>Mercedes Benz B-klass 2010a<br \/>\n1991 cm3, 80 kw<\/p>\n<p>Mootor:Testimata<br \/>\nK\u00fctuset\u00fc\u00fcp: Diisel<br \/>\nK\u00e4igukast: Manuaal, 6k\u00e4iku<br \/>\nElektriaknad: 4x<br \/>\nVeljed: 16&#8243; valuvelg<br \/>\nKommentaar:Pilt on illustreeriv. Auto oli esiosa avariiga.<\/p>\n","protected":false},"featured_media":276,"comment_status":"closed","ping_status":"closed","template":"","meta":[],"product_brand":[],"product_cat":[25],"product_tag":[],"class_list":{"0":"post-274","1":"product","2":"type-product","3":"status-publish","4":"has-post-thumbnail","6":"product_cat-mercedes-benz","8":"first","9":"instock","10":"shipping-taxable","11":"product-type-simple"},"_links":{"self":[{"href":"https:\/\/lammutus.ee\/index.php?rest_route=\/wp\/v2\/product\/274","targetHints":{"allow":["GET"]}}],"collection":[{"href":"https:\/\/lammutus.ee\/index.php?rest_route=\/wp\/v2\/product"}],"about":[{"href":"https:\/\/lammutus.ee\/index.php?rest_route=\/wp\/v2\/types\/product"}],"replies":[{"embeddable":true,"href":"https:\/\/lammutus.ee\/index.php?rest_route=%2Fwp%2Fv2%2Fcomments&post=274"}],"wp:featuredmedia":[{"embeddable":true,"href":"https:\/\/lammutus.ee\/index.php?rest_route=\/wp\/v2\/media\/276"}],"wp:attachment":[{"href":"https:\/\/lammutus.ee\/index.php?rest_route=%2Fwp%2Fv2%2Fmedia&parent=274"}],"wp:term":[{"taxonomy":"product_brand","embeddable":true,"href":"https:\/\/lammutus.ee\/index.php?rest_route=%2Fwp%2Fv2%2Fproduct_brand&post=274"},{"taxonomy":"product_cat","embeddable":true,"href":"https:\/\/lammutus.ee\/index.php?rest_route=%2Fwp%2Fv2%2Fproduct_cat&post=274"},{"taxonomy":"product_tag","embeddable":true,"href":"https:\/\/lammutus.ee\/index.php?rest_route=%2Fwp%2Fv2%2Fproduct_tag&post=274"}],"curies":[{"name":"wp","href":"https:\/\/api.w.org\/{rel}","templated":true}]}}