{"id":286,"date":"2014-12-17T10:58:45","date_gmt":"2014-12-17T08:58:45","guid":{"rendered":"http:\/\/lammutus.ee\/?post_type=product&#038;p=286"},"modified":"2014-12-17T10:58:45","modified_gmt":"2014-12-17T08:58:45","slug":"renault-espace-2009a-2-2dci-110kw","status":"publish","type":"product","link":"https:\/\/lammutus.ee\/?product=renault-espace-2009a-2-2dci-110kw","title":{"rendered":"Renault Espace 2009a 2.2DCi 110kw"},"content":{"rendered":"","protected":false},"excerpt":{"rendered":"<p>Renault Espace 2009<br \/>\n2188cm3, 110 kw<\/p>\n<p>Mootor: Testitud<br \/>\nK\u00fctuset\u00fc\u00fcp: Diisel<br \/>\nK\u00e4igukast: Manuaal<br \/>\nElektriaknad:4x<br \/>\nVeljed:17&#8243; valuvelg<\/p>\n","protected":false},"featured_media":287,"comment_status":"closed","ping_status":"closed","template":"","meta":[],"product_brand":[],"product_cat":[27],"product_tag":[],"class_list":{"0":"post-286","1":"product","2":"type-product","3":"status-publish","4":"has-post-thumbnail","6":"product_cat-renault","8":"first","9":"instock","10":"shipping-taxable","11":"product-type-simple"},"_links":{"self":[{"href":"https:\/\/lammutus.ee\/index.php?rest_route=\/wp\/v2\/product\/286","targetHints":{"allow":["GET"]}}],"collection":[{"href":"https:\/\/lammutus.ee\/index.php?rest_route=\/wp\/v2\/product"}],"about":[{"href":"https:\/\/lammutus.ee\/index.php?rest_route=\/wp\/v2\/types\/product"}],"replies":[{"embeddable":true,"href":"https:\/\/lammutus.ee\/index.php?rest_route=%2Fwp%2Fv2%2Fcomments&post=286"}],"wp:featuredmedia":[{"embeddable":true,"href":"https:\/\/lammutus.ee\/index.php?rest_route=\/wp\/v2\/media\/287"}],"wp:attachment":[{"href":"https:\/\/lammutus.ee\/index.php?rest_route=%2Fwp%2Fv2%2Fmedia&parent=286"}],"wp:term":[{"taxonomy":"product_brand","embeddable":true,"href":"https:\/\/lammutus.ee\/index.php?rest_route=%2Fwp%2Fv2%2Fproduct_brand&post=286"},{"taxonomy":"product_cat","embeddable":true,"href":"https:\/\/lammutus.ee\/index.php?rest_route=%2Fwp%2Fv2%2Fproduct_cat&post=286"},{"taxonomy":"product_tag","embeddable":true,"href":"https:\/\/lammutus.ee\/index.php?rest_route=%2Fwp%2Fv2%2Fproduct_tag&post=286"}],"curies":[{"name":"wp","href":"https:\/\/api.w.org\/{rel}","templated":true}]}}