{"id":292,"date":"2014-12-17T12:50:34","date_gmt":"2014-12-17T10:50:34","guid":{"rendered":"http:\/\/lammutus.ee\/?post_type=product&#038;p=292"},"modified":"2015-06-25T09:13:51","modified_gmt":"2015-06-25T06:13:51","slug":"renault-megane-scenic-ii-1-9dci","status":"publish","type":"product","link":"https:\/\/lammutus.ee\/?product=renault-megane-scenic-ii-1-9dci","title":{"rendered":"Renault Megane Scenic II 2007 1.9DCi 88kw"},"content":{"rendered":"","protected":false},"excerpt":{"rendered":"<p>Renault Megane Scenic II 2007<br \/>\n1870 cm3, 88 kw<\/p>\n<p>Mootor: Puudub<br \/>\nK\u00fctuset\u00fc\u00fcp: Diisel<br \/>\nK\u00e4igukast: Manuaal, 6k\u00e4iku<br \/>\nElektriaknad: 6k\u00e4iku<br \/>\nVeljed:16&#8243; valuvelg<\/p>\n","protected":false},"featured_media":460,"comment_status":"closed","ping_status":"closed","template":"","meta":[],"product_brand":[],"product_cat":[27],"product_tag":[],"class_list":{"0":"post-292","1":"product","2":"type-product","3":"status-publish","4":"has-post-thumbnail","6":"product_cat-renault","8":"first","9":"instock","10":"shipping-taxable","11":"product-type-simple"},"_links":{"self":[{"href":"https:\/\/lammutus.ee\/index.php?rest_route=\/wp\/v2\/product\/292","targetHints":{"allow":["GET"]}}],"collection":[{"href":"https:\/\/lammutus.ee\/index.php?rest_route=\/wp\/v2\/product"}],"about":[{"href":"https:\/\/lammutus.ee\/index.php?rest_route=\/wp\/v2\/types\/product"}],"replies":[{"embeddable":true,"href":"https:\/\/lammutus.ee\/index.php?rest_route=%2Fwp%2Fv2%2Fcomments&post=292"}],"wp:featuredmedia":[{"embeddable":true,"href":"https:\/\/lammutus.ee\/index.php?rest_route=\/wp\/v2\/media\/460"}],"wp:attachment":[{"href":"https:\/\/lammutus.ee\/index.php?rest_route=%2Fwp%2Fv2%2Fmedia&parent=292"}],"wp:term":[{"taxonomy":"product_brand","embeddable":true,"href":"https:\/\/lammutus.ee\/index.php?rest_route=%2Fwp%2Fv2%2Fproduct_brand&post=292"},{"taxonomy":"product_cat","embeddable":true,"href":"https:\/\/lammutus.ee\/index.php?rest_route=%2Fwp%2Fv2%2Fproduct_cat&post=292"},{"taxonomy":"product_tag","embeddable":true,"href":"https:\/\/lammutus.ee\/index.php?rest_route=%2Fwp%2Fv2%2Fproduct_tag&post=292"}],"curies":[{"name":"wp","href":"https:\/\/api.w.org\/{rel}","templated":true}]}}