{"id":316,"date":"2015-01-27T13:29:20","date_gmt":"2015-01-27T11:29:20","guid":{"rendered":"http:\/\/lammutus.ee\/?post_type=product&#038;p=316"},"modified":"2015-03-12T10:26:36","modified_gmt":"2015-03-12T08:26:36","slug":"mercedes-benz-c-klass-2003","status":"publish","type":"product","link":"https:\/\/lammutus.ee\/?product=mercedes-benz-c-klass-2003","title":{"rendered":"Mercedes Benz C-klass 2003 2.0TD 85kw"},"content":{"rendered":"<p>Mercedes Benz C200 CDI<br \/>\n2148 cm3, 85 kw<\/p>\n<p>Mootor: Testitud<br \/>\nK\u00fctuset\u00fc\u00fcp: Diisel<br \/>\nK\u00e4igukast: Automaat<br \/>\nVeljed: Valuvelg 16&#8243;<br \/>\nKommentaar: Pilt on illustratiivne<\/p>\n","protected":false},"excerpt":{"rendered":"<p>Mercedes Benz C200 CDI 2148 cm3, 85 kw Mootor: Testitud K\u00fctuset\u00fc\u00fcp: Diisel K\u00e4igukast: Automaat Veljed: Valuvelg 16&#8243; Kommentaar: Pilt on illustratiivne<\/p>\n","protected":false},"featured_media":318,"comment_status":"closed","ping_status":"closed","template":"","meta":[],"product_brand":[],"product_cat":[25],"product_tag":[],"class_list":{"0":"post-316","1":"product","2":"type-product","3":"status-publish","4":"has-post-thumbnail","6":"product_cat-mercedes-benz","8":"first","9":"instock","10":"shipping-taxable","11":"product-type-simple"},"_links":{"self":[{"href":"https:\/\/lammutus.ee\/index.php?rest_route=\/wp\/v2\/product\/316","targetHints":{"allow":["GET"]}}],"collection":[{"href":"https:\/\/lammutus.ee\/index.php?rest_route=\/wp\/v2\/product"}],"about":[{"href":"https:\/\/lammutus.ee\/index.php?rest_route=\/wp\/v2\/types\/product"}],"replies":[{"embeddable":true,"href":"https:\/\/lammutus.ee\/index.php?rest_route=%2Fwp%2Fv2%2Fcomments&post=316"}],"wp:featuredmedia":[{"embeddable":true,"href":"https:\/\/lammutus.ee\/index.php?rest_route=\/wp\/v2\/media\/318"}],"wp:attachment":[{"href":"https:\/\/lammutus.ee\/index.php?rest_route=%2Fwp%2Fv2%2Fmedia&parent=316"}],"wp:term":[{"taxonomy":"product_brand","embeddable":true,"href":"https:\/\/lammutus.ee\/index.php?rest_route=%2Fwp%2Fv2%2Fproduct_brand&post=316"},{"taxonomy":"product_cat","embeddable":true,"href":"https:\/\/lammutus.ee\/index.php?rest_route=%2Fwp%2Fv2%2Fproduct_cat&post=316"},{"taxonomy":"product_tag","embeddable":true,"href":"https:\/\/lammutus.ee\/index.php?rest_route=%2Fwp%2Fv2%2Fproduct_tag&post=316"}],"curies":[{"name":"wp","href":"https:\/\/api.w.org\/{rel}","templated":true}]}}