{"id":359,"date":"2015-02-11T09:35:43","date_gmt":"2015-02-11T07:35:43","guid":{"rendered":"http:\/\/lammutus.ee\/?post_type=product&#038;p=359"},"modified":"2015-03-12T10:12:51","modified_gmt":"2015-03-12T08:12:51","slug":"peugeot-bipper-2010-1-4b","status":"publish","type":"product","link":"https:\/\/lammutus.ee\/?product=peugeot-bipper-2010-1-4b","title":{"rendered":"Peugeot Bipper 2010 1.4B 54kw"},"content":{"rendered":"","protected":false},"excerpt":{"rendered":"<p>Peugeot Bipper 2010<br \/>\n1360 cm3, 54 kw<\/p>\n<p>Mootor: Testitud<br \/>\nK\u00fctuset\u00fc\u00fcp: Bensiin<br \/>\nK\u00e4igukast:Testitud<br \/>\nVeljed: Plekkvelg 15&#8243;<\/p>\n","protected":false},"featured_media":360,"comment_status":"closed","ping_status":"closed","template":"","meta":[],"product_brand":[],"product_cat":[26],"product_tag":[],"class_list":{"0":"post-359","1":"product","2":"type-product","3":"status-publish","4":"has-post-thumbnail","6":"product_cat-peugeot","8":"first","9":"instock","10":"shipping-taxable","11":"product-type-simple"},"_links":{"self":[{"href":"https:\/\/lammutus.ee\/index.php?rest_route=\/wp\/v2\/product\/359","targetHints":{"allow":["GET"]}}],"collection":[{"href":"https:\/\/lammutus.ee\/index.php?rest_route=\/wp\/v2\/product"}],"about":[{"href":"https:\/\/lammutus.ee\/index.php?rest_route=\/wp\/v2\/types\/product"}],"replies":[{"embeddable":true,"href":"https:\/\/lammutus.ee\/index.php?rest_route=%2Fwp%2Fv2%2Fcomments&post=359"}],"wp:featuredmedia":[{"embeddable":true,"href":"https:\/\/lammutus.ee\/index.php?rest_route=\/wp\/v2\/media\/360"}],"wp:attachment":[{"href":"https:\/\/lammutus.ee\/index.php?rest_route=%2Fwp%2Fv2%2Fmedia&parent=359"}],"wp:term":[{"taxonomy":"product_brand","embeddable":true,"href":"https:\/\/lammutus.ee\/index.php?rest_route=%2Fwp%2Fv2%2Fproduct_brand&post=359"},{"taxonomy":"product_cat","embeddable":true,"href":"https:\/\/lammutus.ee\/index.php?rest_route=%2Fwp%2Fv2%2Fproduct_cat&post=359"},{"taxonomy":"product_tag","embeddable":true,"href":"https:\/\/lammutus.ee\/index.php?rest_route=%2Fwp%2Fv2%2Fproduct_tag&post=359"}],"curies":[{"name":"wp","href":"https:\/\/api.w.org\/{rel}","templated":true}]}}