{"id":387,"date":"2015-02-25T16:50:05","date_gmt":"2015-02-25T14:50:05","guid":{"rendered":"http:\/\/lammutus.ee\/?post_type=product&#038;p=387"},"modified":"2015-03-12T10:11:32","modified_gmt":"2015-03-12T08:11:32","slug":"renault-megane-scenic-2000","status":"publish","type":"product","link":"https:\/\/lammutus.ee\/?product=renault-megane-scenic-2000","title":{"rendered":"Renault Megane Scenic 2000 1.6B 79kw"},"content":{"rendered":"","protected":false},"excerpt":{"rendered":"<p>Renault Megane 2000<br \/>\n1598 cm3, 79 kw<\/p>\n<p>Mootor:Testitud<br \/>\nK\u00fctuset\u00fc\u00fcp:Bensiin<br \/>\nK\u00e4igukast:Manuaal, 5k\u00e4iku<br \/>\nVeljed:<br \/>\nKommentaar:Esiosa avariiga<\/p>\n","protected":false},"featured_media":388,"comment_status":"closed","ping_status":"closed","template":"","meta":[],"product_brand":[],"product_cat":[27],"product_tag":[],"class_list":{"0":"post-387","1":"product","2":"type-product","3":"status-publish","4":"has-post-thumbnail","6":"product_cat-renault","8":"first","9":"instock","10":"shipping-taxable","11":"product-type-simple"},"_links":{"self":[{"href":"https:\/\/lammutus.ee\/index.php?rest_route=\/wp\/v2\/product\/387","targetHints":{"allow":["GET"]}}],"collection":[{"href":"https:\/\/lammutus.ee\/index.php?rest_route=\/wp\/v2\/product"}],"about":[{"href":"https:\/\/lammutus.ee\/index.php?rest_route=\/wp\/v2\/types\/product"}],"replies":[{"embeddable":true,"href":"https:\/\/lammutus.ee\/index.php?rest_route=%2Fwp%2Fv2%2Fcomments&post=387"}],"wp:featuredmedia":[{"embeddable":true,"href":"https:\/\/lammutus.ee\/index.php?rest_route=\/wp\/v2\/media\/388"}],"wp:attachment":[{"href":"https:\/\/lammutus.ee\/index.php?rest_route=%2Fwp%2Fv2%2Fmedia&parent=387"}],"wp:term":[{"taxonomy":"product_brand","embeddable":true,"href":"https:\/\/lammutus.ee\/index.php?rest_route=%2Fwp%2Fv2%2Fproduct_brand&post=387"},{"taxonomy":"product_cat","embeddable":true,"href":"https:\/\/lammutus.ee\/index.php?rest_route=%2Fwp%2Fv2%2Fproduct_cat&post=387"},{"taxonomy":"product_tag","embeddable":true,"href":"https:\/\/lammutus.ee\/index.php?rest_route=%2Fwp%2Fv2%2Fproduct_tag&post=387"}],"curies":[{"name":"wp","href":"https:\/\/api.w.org\/{rel}","templated":true}]}}