{"id":402,"date":"2015-03-13T13:07:08","date_gmt":"2015-03-13T11:07:08","guid":{"rendered":"http:\/\/lammutus.ee\/?post_type=product&#038;p=402"},"modified":"2015-03-13T13:33:57","modified_gmt":"2015-03-13T11:33:57","slug":"peugeot-partner-2007-1-6hdi-55kw","status":"publish","type":"product","link":"https:\/\/lammutus.ee\/?product=peugeot-partner-2007-1-6hdi-55kw","title":{"rendered":"Peugeot Partner 2007 1.6HDi 55kw"},"content":{"rendered":"","protected":false},"excerpt":{"rendered":"<p>Peugeot Partner 2007<br \/>\n1560cm3 55kw<\/p>\n<p>Mootor: Testitud<br \/>\nK\u00fctuset\u00fc\u00fcp: Diisel<br \/>\nK\u00e4igukast: Manuaal, 5k\u00e4iku<br \/>\nVeljed: Plekkvelg 14&#8243;<\/p>\n","protected":false},"featured_media":403,"comment_status":"closed","ping_status":"closed","template":"","meta":[],"product_brand":[],"product_cat":[26],"product_tag":[],"class_list":{"0":"post-402","1":"product","2":"type-product","3":"status-publish","4":"has-post-thumbnail","6":"product_cat-peugeot","8":"first","9":"instock","10":"shipping-taxable","11":"product-type-simple"},"_links":{"self":[{"href":"https:\/\/lammutus.ee\/index.php?rest_route=\/wp\/v2\/product\/402","targetHints":{"allow":["GET"]}}],"collection":[{"href":"https:\/\/lammutus.ee\/index.php?rest_route=\/wp\/v2\/product"}],"about":[{"href":"https:\/\/lammutus.ee\/index.php?rest_route=\/wp\/v2\/types\/product"}],"replies":[{"embeddable":true,"href":"https:\/\/lammutus.ee\/index.php?rest_route=%2Fwp%2Fv2%2Fcomments&post=402"}],"wp:featuredmedia":[{"embeddable":true,"href":"https:\/\/lammutus.ee\/index.php?rest_route=\/wp\/v2\/media\/403"}],"wp:attachment":[{"href":"https:\/\/lammutus.ee\/index.php?rest_route=%2Fwp%2Fv2%2Fmedia&parent=402"}],"wp:term":[{"taxonomy":"product_brand","embeddable":true,"href":"https:\/\/lammutus.ee\/index.php?rest_route=%2Fwp%2Fv2%2Fproduct_brand&post=402"},{"taxonomy":"product_cat","embeddable":true,"href":"https:\/\/lammutus.ee\/index.php?rest_route=%2Fwp%2Fv2%2Fproduct_cat&post=402"},{"taxonomy":"product_tag","embeddable":true,"href":"https:\/\/lammutus.ee\/index.php?rest_route=%2Fwp%2Fv2%2Fproduct_tag&post=402"}],"curies":[{"name":"wp","href":"https:\/\/api.w.org\/{rel}","templated":true}]}}