{"id":413,"date":"2015-03-18T09:57:30","date_gmt":"2015-03-18T07:57:30","guid":{"rendered":"http:\/\/lammutus.ee\/?post_type=product&#038;p=413"},"modified":"2015-03-18T09:57:30","modified_gmt":"2015-03-18T07:57:30","slug":"audi-a4-1998-2-4-v6-121kw","status":"publish","type":"product","link":"https:\/\/lammutus.ee\/?product=audi-a4-1998-2-4-v6-121kw","title":{"rendered":"Audi A4 1998 2.4 V6 121kw"},"content":{"rendered":"","protected":false},"excerpt":{"rendered":"<p>Audi A4 1998<br \/>\n2393 cm3, 121 kw<\/p>\n<p>Mootor:Testitud<br \/>\nK\u00fctuset\u00fc\u00fcp:Bensiin<br \/>\nK\u00e4igukast:Manuaal,5 k\u00e4iku<br \/>\nVeljed:Valuvelg, 16&#8243;<\/p>\n","protected":false},"featured_media":414,"comment_status":"closed","ping_status":"closed","template":"","meta":[],"product_brand":[],"product_cat":[44],"product_tag":[],"class_list":{"0":"post-413","1":"product","2":"type-product","3":"status-publish","4":"has-post-thumbnail","6":"product_cat-audi","8":"first","9":"instock","10":"shipping-taxable","11":"product-type-simple"},"_links":{"self":[{"href":"https:\/\/lammutus.ee\/index.php?rest_route=\/wp\/v2\/product\/413","targetHints":{"allow":["GET"]}}],"collection":[{"href":"https:\/\/lammutus.ee\/index.php?rest_route=\/wp\/v2\/product"}],"about":[{"href":"https:\/\/lammutus.ee\/index.php?rest_route=\/wp\/v2\/types\/product"}],"replies":[{"embeddable":true,"href":"https:\/\/lammutus.ee\/index.php?rest_route=%2Fwp%2Fv2%2Fcomments&post=413"}],"wp:featuredmedia":[{"embeddable":true,"href":"https:\/\/lammutus.ee\/index.php?rest_route=\/wp\/v2\/media\/414"}],"wp:attachment":[{"href":"https:\/\/lammutus.ee\/index.php?rest_route=%2Fwp%2Fv2%2Fmedia&parent=413"}],"wp:term":[{"taxonomy":"product_brand","embeddable":true,"href":"https:\/\/lammutus.ee\/index.php?rest_route=%2Fwp%2Fv2%2Fproduct_brand&post=413"},{"taxonomy":"product_cat","embeddable":true,"href":"https:\/\/lammutus.ee\/index.php?rest_route=%2Fwp%2Fv2%2Fproduct_cat&post=413"},{"taxonomy":"product_tag","embeddable":true,"href":"https:\/\/lammutus.ee\/index.php?rest_route=%2Fwp%2Fv2%2Fproduct_tag&post=413"}],"curies":[{"name":"wp","href":"https:\/\/api.w.org\/{rel}","templated":true}]}}