{"id":507,"date":"2016-02-18T11:13:50","date_gmt":"2016-02-18T09:13:50","guid":{"rendered":"http:\/\/lammutus.ee\/?post_type=product&#038;p=507"},"modified":"2016-02-18T11:13:50","modified_gmt":"2016-02-18T09:13:50","slug":"peugeot-partner-2003-a-1-9-51kw","status":"publish","type":"product","link":"https:\/\/lammutus.ee\/?product=peugeot-partner-2003-a-1-9-51kw","title":{"rendered":"Peugeot Partner 2003.a 1.9 51kw"},"content":{"rendered":"","protected":false},"excerpt":{"rendered":"<p>Peugeot Partner 2003.a<br \/>\n11868cm3, 51\u00a0kw<\/p>\n<p>Mootor:Testitud<br \/>\nK\u00fctuset\u00fc\u00fcp:Diisel<br \/>\nVeljed:14\u2033\u00a0Plekk velg<\/p>\n<p>Kommentaar: Seest r\u00fc\u00fcstatud.<\/p>\n","protected":false},"featured_media":508,"comment_status":"closed","ping_status":"closed","template":"","meta":[],"product_brand":[],"product_cat":[26],"product_tag":[],"class_list":{"0":"post-507","1":"product","2":"type-product","3":"status-publish","4":"has-post-thumbnail","6":"product_cat-peugeot","8":"first","9":"instock","10":"shipping-taxable","11":"product-type-simple"},"_links":{"self":[{"href":"https:\/\/lammutus.ee\/index.php?rest_route=\/wp\/v2\/product\/507","targetHints":{"allow":["GET"]}}],"collection":[{"href":"https:\/\/lammutus.ee\/index.php?rest_route=\/wp\/v2\/product"}],"about":[{"href":"https:\/\/lammutus.ee\/index.php?rest_route=\/wp\/v2\/types\/product"}],"replies":[{"embeddable":true,"href":"https:\/\/lammutus.ee\/index.php?rest_route=%2Fwp%2Fv2%2Fcomments&post=507"}],"wp:featuredmedia":[{"embeddable":true,"href":"https:\/\/lammutus.ee\/index.php?rest_route=\/wp\/v2\/media\/508"}],"wp:attachment":[{"href":"https:\/\/lammutus.ee\/index.php?rest_route=%2Fwp%2Fv2%2Fmedia&parent=507"}],"wp:term":[{"taxonomy":"product_brand","embeddable":true,"href":"https:\/\/lammutus.ee\/index.php?rest_route=%2Fwp%2Fv2%2Fproduct_brand&post=507"},{"taxonomy":"product_cat","embeddable":true,"href":"https:\/\/lammutus.ee\/index.php?rest_route=%2Fwp%2Fv2%2Fproduct_cat&post=507"},{"taxonomy":"product_tag","embeddable":true,"href":"https:\/\/lammutus.ee\/index.php?rest_route=%2Fwp%2Fv2%2Fproduct_tag&post=507"}],"curies":[{"name":"wp","href":"https:\/\/api.w.org\/{rel}","templated":true}]}}