{"id":514,"date":"2016-03-28T11:01:30","date_gmt":"2016-03-28T08:01:30","guid":{"rendered":"http:\/\/lammutus.ee\/?post_type=product&#038;p=514"},"modified":"2016-03-28T11:02:42","modified_gmt":"2016-03-28T08:02:42","slug":"ford-focus-1-8-tdci-85kw-2007-a","status":"publish","type":"product","link":"https:\/\/lammutus.ee\/?product=ford-focus-1-8-tdci-85kw-2007-a","title":{"rendered":"Ford Focus 1.8 TDCi 85kw 2007.a"},"content":{"rendered":"","protected":false},"excerpt":{"rendered":"<p>Ford Focus \u00a0Titanium\u00a02007<br \/>\n1753 cm3, 85 kw<\/p>\n<p>Mootor: Testitud<br \/>\nK\u00fctuset\u00fc\u00fcp:Diisel<br \/>\nK\u00e4igukast: Manuaal, 5 k\u00e4iku<br \/>\nVeljed:Valuvelg 16\u2033<br \/>\nKommentaar:Esiosa avariiga,<\/p>\n<p>Kere. Luukp\u00e4ra.<\/p>\n","protected":false},"featured_media":515,"comment_status":"closed","ping_status":"closed","template":"","meta":[],"product_brand":[],"product_cat":[42],"product_tag":[],"class_list":{"0":"post-514","1":"product","2":"type-product","3":"status-publish","4":"has-post-thumbnail","6":"product_cat-ford","8":"first","9":"instock","10":"shipping-taxable","11":"product-type-simple"},"_links":{"self":[{"href":"https:\/\/lammutus.ee\/index.php?rest_route=\/wp\/v2\/product\/514","targetHints":{"allow":["GET"]}}],"collection":[{"href":"https:\/\/lammutus.ee\/index.php?rest_route=\/wp\/v2\/product"}],"about":[{"href":"https:\/\/lammutus.ee\/index.php?rest_route=\/wp\/v2\/types\/product"}],"replies":[{"embeddable":true,"href":"https:\/\/lammutus.ee\/index.php?rest_route=%2Fwp%2Fv2%2Fcomments&post=514"}],"wp:featuredmedia":[{"embeddable":true,"href":"https:\/\/lammutus.ee\/index.php?rest_route=\/wp\/v2\/media\/515"}],"wp:attachment":[{"href":"https:\/\/lammutus.ee\/index.php?rest_route=%2Fwp%2Fv2%2Fmedia&parent=514"}],"wp:term":[{"taxonomy":"product_brand","embeddable":true,"href":"https:\/\/lammutus.ee\/index.php?rest_route=%2Fwp%2Fv2%2Fproduct_brand&post=514"},{"taxonomy":"product_cat","embeddable":true,"href":"https:\/\/lammutus.ee\/index.php?rest_route=%2Fwp%2Fv2%2Fproduct_cat&post=514"},{"taxonomy":"product_tag","embeddable":true,"href":"https:\/\/lammutus.ee\/index.php?rest_route=%2Fwp%2Fv2%2Fproduct_tag&post=514"}],"curies":[{"name":"wp","href":"https:\/\/api.w.org\/{rel}","templated":true}]}}