{"id":528,"date":"2016-07-22T11:04:18","date_gmt":"2016-07-22T08:04:18","guid":{"rendered":"http:\/\/lammutus.ee\/?post_type=product&#038;p=528"},"modified":"2016-07-22T11:04:18","modified_gmt":"2016-07-22T08:04:18","slug":"peugeot-406-2001-a-2-2hdi-98kw","status":"publish","type":"product","link":"https:\/\/lammutus.ee\/?product=peugeot-406-2001-a-2-2hdi-98kw","title":{"rendered":"Peugeot 406 2001.a 2.2HDI 98kw"},"content":{"rendered":"","protected":false},"excerpt":{"rendered":"<p>Peugeot 406\u00a02001.a<br \/>\n2179 cm3, 98 kw<\/p>\n<p>Mootor:Testitud<br \/>\nK\u00fctuset\u00fc\u00fcp:Diisel<br \/>\nK\u00e4igukast:Manuaal, 5 k\u00e4iku, Testitud<br \/>\nVeljed:Valuvelg 16\u2033<\/p>\n","protected":false},"featured_media":529,"comment_status":"closed","ping_status":"closed","template":"","meta":[],"product_brand":[],"product_cat":[26],"product_tag":[],"class_list":{"0":"post-528","1":"product","2":"type-product","3":"status-publish","4":"has-post-thumbnail","6":"product_cat-peugeot","8":"first","9":"instock","10":"shipping-taxable","11":"product-type-simple"},"_links":{"self":[{"href":"https:\/\/lammutus.ee\/index.php?rest_route=\/wp\/v2\/product\/528","targetHints":{"allow":["GET"]}}],"collection":[{"href":"https:\/\/lammutus.ee\/index.php?rest_route=\/wp\/v2\/product"}],"about":[{"href":"https:\/\/lammutus.ee\/index.php?rest_route=\/wp\/v2\/types\/product"}],"replies":[{"embeddable":true,"href":"https:\/\/lammutus.ee\/index.php?rest_route=%2Fwp%2Fv2%2Fcomments&post=528"}],"wp:featuredmedia":[{"embeddable":true,"href":"https:\/\/lammutus.ee\/index.php?rest_route=\/wp\/v2\/media\/529"}],"wp:attachment":[{"href":"https:\/\/lammutus.ee\/index.php?rest_route=%2Fwp%2Fv2%2Fmedia&parent=528"}],"wp:term":[{"taxonomy":"product_brand","embeddable":true,"href":"https:\/\/lammutus.ee\/index.php?rest_route=%2Fwp%2Fv2%2Fproduct_brand&post=528"},{"taxonomy":"product_cat","embeddable":true,"href":"https:\/\/lammutus.ee\/index.php?rest_route=%2Fwp%2Fv2%2Fproduct_cat&post=528"},{"taxonomy":"product_tag","embeddable":true,"href":"https:\/\/lammutus.ee\/index.php?rest_route=%2Fwp%2Fv2%2Fproduct_tag&post=528"}],"curies":[{"name":"wp","href":"https:\/\/api.w.org\/{rel}","templated":true}]}}